{"id":7,"date":"2026-03-17T09:20:17","date_gmt":"2026-03-17T09:20:17","guid":{"rendered":"https:\/\/hikariworks.pl\/?page_id=7"},"modified":"2026-03-17T09:56:18","modified_gmt":"2026-03-17T09:56:18","slug":"elementor-7","status":"publish","type":"page","link":"https:\/\/hikariworks.pl\/","title":{"rendered":"Elementor #7"},"content":{"rendered":"\t\t<div data-elementor-type=\"wp-post\" data-elementor-id=\"7\" class=\"elementor elementor-7\">\n\t\t\t\t<div class=\"elementor-element elementor-element-5926f91 e-flex e-con-boxed e-con e-parent\" data-id=\"5926f91\" data-element_type=\"container\" data-e-type=\"container\">\n\t\t\t\t\t<div class=\"e-con-inner\">\n\t\t\t\t<div class=\"elementor-element elementor-element-a4335b4 elementor-widget elementor-widget-html\" data-id=\"a4335b4\" data-element_type=\"widget\" data-e-type=\"widget\" data-widget_type=\"html.default\">\n\t\t\t\t\t<div id=\"hikari-coming-soon\">\r\n    <!-- Statyczne t\u0142o -->\r\n    <div id=\"hikari-static-bg\"><\/div>\r\n    \r\n    <!-- G\u0142\u00f3wny content (Logo i tekst) -->\r\n    <div class=\"hikari-content\">\r\n        <img decoding=\"async\" src=\"http:\/\/hikariworks.pl\/wp-content\/uploads\/2026\/03\/Hikari.svg\" alt=\"Hikari Logo\" class=\"hikari-logo\">\r\n        <h1 class=\"hikari-title\">Nied\u0142ugo zakwitn\u0105 wi\u015bnie<\/h1>\r\n    <\/div>\r\n\r\n    <!-- P\u0142\u00f3tno dla padaj\u0105cego \u015bniegu (na samym wierzchu) -->\r\n    <canvas id=\"hikari-snow\"><\/canvas>\r\n<\/div>\r\n\r\n<style>\r\n    \/* Ukrycie standardowych element\u00f3w motywu *\/\r\n    header, footer, .elementor-location-header, .elementor-location-footer {\r\n        display: none !important;\r\n    }\r\n\r\n    #hikari-coming-soon {\r\n        position: fixed;\r\n        top: 0;\r\n        left: 0;\r\n        width: 100vw;\r\n        height: 100vh;\r\n        background-color: #050505;\r\n        z-index: 99999;\r\n        display: flex;\r\n        align-items: center;\r\n        justify-content: center;\r\n        overflow: hidden;\r\n    }\r\n\r\n    \/* Nieruchome t\u0142o dopasowane do 100% ekranu *\/\r\n    #hikari-static-bg {\r\n        position: absolute;\r\n        top: 0;\r\n        left: 0;\r\n        width: 100%;\r\n        height: 100%;\r\n        background-image: url('http:\/\/hikariworks.pl\/wp-content\/uploads\/2026\/03\/japanese-temple-pagoda-building-with-mountain-and-2026-01-09-11-41-21-utc-scaled.jpg');\r\n        background-size: cover;\r\n        background-position: center;\r\n        z-index: 1;\r\n    }\r\n\r\n    \/* Przyciemnienie t\u0142a *\/\r\n    #hikari-static-bg::after {\r\n        content: '';\r\n        position: absolute;\r\n        inset: 0;\r\n        background: rgba(0, 0, 0, 0.45);\r\n    }\r\n\r\n    \/* Zawarto\u015b\u0107 na \u015brodku ekranu (pod \u015bniegiem) *\/\r\n    .hikari-content {\r\n        position: relative;\r\n        z-index: 2; \/* Ni\u017cszy z-index ni\u017c \u015bnieg *\/\r\n        text-align: center;\r\n        padding: 20px;\r\n        display: flex;\r\n        flex-direction: column;\r\n        align-items: center;\r\n        gap: 30px;\r\n    }\r\n\r\n    \/* USTAWIENIA LOGO I CIENIA - TUTAJ MO\u017bESZ ZMIENIA\u0106 WARTO\u015aCI *\/\r\n    .hikari-logo {\r\n        \/* 1. WIELKO\u015a\u0106 LOGO: Zmie\u0144 warto\u015b\u0107 '76px' na inn\u0105 (np. 100px, 50px, 200px) *\/\r\n        max-width: 76px; \r\n        \r\n        width: 75%;\r\n        height: auto;\r\n        \r\n        \/* 2. BIA\u0141Y CIE\u0143: \r\n           - '18px' to wielko\u015b\u0107 rozmycia (zwi\u0119ksz by cie\u0144 by\u0142 szerszy)\r\n           - '0.3' to widoczno\u015b\u0107\/krycie (0.1 to 10%, 0.3 to 30%, 1.0 to 100%) *\/\r\n        filter: drop-shadow(0px 0px 18px rgba(255, 255, 255, 0.3));\r\n    }\r\n\r\n    .hikari-title {\r\n        color: #ffffff;\r\n        font-family: 'Montserrat', sans-serif;\r\n        font-size: clamp(1.5rem, 4vw, 3rem);\r\n        font-weight: 300;\r\n        letter-spacing: 2px;\r\n        margin: 0;\r\n        text-shadow: 2px 2px 10px rgba(0,0,0,0.8);\r\n        text-transform: uppercase;\r\n    }\r\n\r\n    \/* Warstwa \u015bniegu przeniesiona na wierzch *\/\r\n    #hikari-snow {\r\n        position: absolute;\r\n        top: 0;\r\n        left: 0;\r\n        width: 100%;\r\n        height: 100%;\r\n        z-index: 10;\r\n        pointer-events: none;\r\n    }\r\n<\/style>\r\n\r\n<script>\r\ndocument.addEventListener('DOMContentLoaded', () => {\r\n    const canvas = document.getElementById('hikari-snow');\r\n    const ctx = canvas.getContext('2d');\r\n    \r\n    let width = canvas.width = window.innerWidth;\r\n    let height = canvas.height = window.innerHeight;\r\n    let particles = [];\r\n    const maxParticles = 120;\r\n    \r\n    \/\/ Zmienna przechowuj\u0105ca wp\u0142yw myszki na \u015bnieg (\"wiatr\")\r\n    let wind = 0;\r\n\r\n    window.addEventListener('resize', () => {\r\n        width = canvas.width = window.innerWidth;\r\n        height = canvas.height = window.innerHeight;\r\n    });\r\n\r\n    \/\/ Reakcja \u015bniegu na ruch myszki\r\n    document.addEventListener('mousemove', (e) => {\r\n        wind = (e.pageX - window.innerWidth \/ 2) \/ 400;\r\n    });\r\n\r\n    \/\/ Tworzenie p\u0142atk\u00f3w\r\n    for(let i = 0; i < maxParticles; i++) {\r\n        particles.push({\r\n            x: Math.random() * width,\r\n            y: Math.random() * height,\r\n            r: Math.random() * 2.5 + 0.5, \r\n            vx: Math.random() * 1 - 0.5,  \r\n            vy: Math.random() * 1.5 + 0.5 \r\n        });\r\n    }\r\n\r\n    function drawSnow() {\r\n        ctx.clearRect(0, 0, width, height);\r\n        ctx.fillStyle = \"rgba(255, 255, 255, 0.7)\";\r\n        ctx.beginPath();\r\n        for(let i = 0; i < maxParticles; i++) {\r\n            let p = particles[i];\r\n            ctx.moveTo(p.x, p.y);\r\n            ctx.arc(p.x, p.y, p.r, 0, Math.PI * 2, true);\r\n        }\r\n        ctx.fill();\r\n        updateSnow();\r\n    }\r\n\r\n    function updateSnow() {\r\n        for(let i = 0; i < maxParticles; i++) {\r\n            let p = particles[i];\r\n            p.y += p.vy;\r\n            p.x += p.vx + wind;\r\n            \r\n            \/\/ Reset p\u0142atka\r\n            if(p.y > height || p.x > width + 10 || p.x < -10) {\r\n                let newX = Math.random() * width;\r\n                if(p.x > width + 10) newX = -10;\r\n                else if(p.x < -10) newX = width + 10;\r\n\r\n                particles[i] = {\r\n                    x: (p.y > height) ? Math.random() * width : newX,\r\n                    y: (p.y > height) ? -10 : Math.random() * height,\r\n                    r: p.r,\r\n                    vx: p.vx,\r\n                    vy: p.vy\r\n                };\r\n            }\r\n        }\r\n    }\r\n    \r\n    setInterval(drawSnow, 33);\r\n});\r\n<\/script>\r\n\t\t\t\t<\/div>\n\t\t\t\t\t<\/div>\n\t\t\t\t<\/div>\n\t\t\t\t<\/div>\n\t\t","protected":false},"excerpt":{"rendered":"<p>Nied\u0142ugo zakwitn\u0105 wi\u015bnie<\/p>\n","protected":false},"author":1,"featured_media":0,"parent":0,"menu_order":0,"comment_status":"closed","ping_status":"closed","template":"","meta":{"inline_featured_image":false,"footnotes":""},"class_list":["post-7","page","type-page","status-publish","hentry"],"_links":{"self":[{"href":"https:\/\/hikariworks.pl\/index.php\/wp-json\/wp\/v2\/pages\/7","targetHints":{"allow":["GET"]}}],"collection":[{"href":"https:\/\/hikariworks.pl\/index.php\/wp-json\/wp\/v2\/pages"}],"about":[{"href":"https:\/\/hikariworks.pl\/index.php\/wp-json\/wp\/v2\/types\/page"}],"author":[{"embeddable":true,"href":"https:\/\/hikariworks.pl\/index.php\/wp-json\/wp\/v2\/users\/1"}],"replies":[{"embeddable":true,"href":"https:\/\/hikariworks.pl\/index.php\/wp-json\/wp\/v2\/comments?post=7"}],"version-history":[{"count":16,"href":"https:\/\/hikariworks.pl\/index.php\/wp-json\/wp\/v2\/pages\/7\/revisions"}],"predecessor-version":[{"id":27,"href":"https:\/\/hikariworks.pl\/index.php\/wp-json\/wp\/v2\/pages\/7\/revisions\/27"}],"wp:attachment":[{"href":"https:\/\/hikariworks.pl\/index.php\/wp-json\/wp\/v2\/media?parent=7"}],"curies":[{"name":"wp","href":"https:\/\/api.w.org\/{rel}","templated":true}]}}